{"id":1768,"date":"2024-02-18T16:41:00","date_gmt":"2024-02-18T16:41:00","guid":{"rendered":"http:\/\/www.amofeles.pl\/?page_id=1768"},"modified":"2024-02-18T16:48:16","modified_gmt":"2024-02-18T16:48:16","slug":"chcesz-pomoc","status":"publish","type":"page","link":"http:\/\/www.amofeles.pl\/index.php\/chcesz-pomoc\/","title":{"rendered":"Chcesz pom\u00f3c?"},"content":{"rendered":"\t\t<div data-elementor-type=\"wp-page\" data-elementor-id=\"1768\" class=\"elementor elementor-1768\" data-elementor-settings=\"[]\">\n\t\t\t\t\t\t\t<div class=\"elementor-section-wrap\">\n\t\t\t\t\t\t\t<section class=\"elementor-section elementor-top-section elementor-element elementor-element-719ec63 elementor-section-boxed elementor-section-height-default elementor-section-height-default\" data-id=\"719ec63\" data-element_type=\"section\">\n\t\t\t\t\t\t<div class=\"elementor-container elementor-column-gap-default\">\n\t\t\t\t\t<div class=\"elementor-column elementor-col-100 elementor-top-column elementor-element elementor-element-514cb84\" data-id=\"514cb84\" data-element_type=\"column\">\n\t\t\t<div class=\"elementor-widget-wrap elementor-element-populated\">\n\t\t\t\t\t\t\t\t<div class=\"elementor-element elementor-element-d27331e elementor-widget elementor-widget-text-editor\" data-id=\"d27331e\" data-element_type=\"widget\" data-widget_type=\"text-editor.default\">\n\t\t\t\t<div class=\"elementor-widget-container\">\n\t\t\t\t\t\t\t<p>Je\u015bli jeste\u015b klubowiczem Pozna\u0144skiego Klubu Kot\u00f3w Rasowych AmoFeles i chcesz pom\u00f3c przy organizacji wydarzenia pokazu, wystawy kot\u00f3w lub organizacji event\u00f3w napisz do nas <strong>info@amofeles.pl<\/strong> lub zadzwo\u0144 tel. <strong>+48 797 830 644<\/strong>.<\/p><h4 style=\"text-align: center;\">Czekamy na Ciebie i Twoje pomys\u0142y, odezwiemy si\u0119 do Ciebie.<\/h4>\t\t\t\t\t\t<\/div>\n\t\t\t\t<\/div>\n\t\t\t\t\t<\/div>\n\t\t<\/div>\n\t\t\t\t\t\t\t<\/div>\n\t\t<\/section>\n\t\t\t\t\t\t<\/div>\n\t\t\t\t\t<\/div>\n\t\t","protected":false},"excerpt":{"rendered":"<p>Je\u015bli jeste\u015b klubowiczem Pozna\u0144skiego Klubu Kot\u00f3w Rasowych AmoFeles i chcesz pom\u00f3c przy [&hellip;]<\/p>\n","protected":false},"author":1,"featured_media":0,"parent":0,"menu_order":0,"comment_status":"closed","ping_status":"closed","template":"","meta":[],"_links":{"self":[{"href":"http:\/\/www.amofeles.pl\/index.php\/wp-json\/wp\/v2\/pages\/1768"}],"collection":[{"href":"http:\/\/www.amofeles.pl\/index.php\/wp-json\/wp\/v2\/pages"}],"about":[{"href":"http:\/\/www.amofeles.pl\/index.php\/wp-json\/wp\/v2\/types\/page"}],"author":[{"embeddable":true,"href":"http:\/\/www.amofeles.pl\/index.php\/wp-json\/wp\/v2\/users\/1"}],"replies":[{"embeddable":true,"href":"http:\/\/www.amofeles.pl\/index.php\/wp-json\/wp\/v2\/comments?post=1768"}],"version-history":[{"count":16,"href":"http:\/\/www.amofeles.pl\/index.php\/wp-json\/wp\/v2\/pages\/1768\/revisions"}],"predecessor-version":[{"id":1785,"href":"http:\/\/www.amofeles.pl\/index.php\/wp-json\/wp\/v2\/pages\/1768\/revisions\/1785"}],"wp:attachment":[{"href":"http:\/\/www.amofeles.pl\/index.php\/wp-json\/wp\/v2\/media?parent=1768"}],"curies":[{"name":"wp","href":"https:\/\/api.w.org\/{rel}","templated":true}]}}