{"id":21,"date":"2021-12-01T18:54:46","date_gmt":"2021-12-01T18:54:46","guid":{"rendered":"http:\/\/home.rokcafe.pl\/amofeles.pl\/?page_id=21"},"modified":"2025-05-11T19:33:05","modified_gmt":"2025-05-11T19:33:05","slug":"kontakt","status":"publish","type":"page","link":"http:\/\/www.amofeles.pl\/index.php\/kontakt\/","title":{"rendered":"Kontakt"},"content":{"rendered":"\t\t<div data-elementor-type=\"wp-page\" data-elementor-id=\"21\" class=\"elementor elementor-21\" data-elementor-settings=\"[]\">\n\t\t\t\t\t\t\t<div class=\"elementor-section-wrap\">\n\t\t\t\t\t\t\t<section class=\"elementor-section elementor-top-section elementor-element elementor-element-190ec5e elementor-section-boxed elementor-section-height-default elementor-section-height-default\" data-id=\"190ec5e\" data-element_type=\"section\">\n\t\t\t\t\t\t<div class=\"elementor-container elementor-column-gap-default\">\n\t\t\t\t\t<div class=\"elementor-column elementor-col-100 elementor-top-column elementor-element elementor-element-3174f04\" data-id=\"3174f04\" data-element_type=\"column\">\n\t\t\t<div class=\"elementor-widget-wrap elementor-element-populated\">\n\t\t\t\t\t\t\t\t<div class=\"elementor-element elementor-element-8ba6854 elementor-widget elementor-widget-text-editor\" data-id=\"8ba6854\" data-element_type=\"widget\" data-widget_type=\"text-editor.default\">\n\t\t\t\t<div class=\"elementor-widget-container\">\n\t\t\t\t\t\t\t<p><span style=\"font-size: 12.0pt; line-height: 107%;\">Pozna\u0144ski Klub Kot\u00f3w Rasowych <b>AmoFeles<br \/><\/b><\/span><\/p><p><span style=\"font-size: 12.0pt; line-height: 107%;\"><b>Adres korespondencyjny:<\/b><br \/><\/span><span style=\"font-size: 12pt; color: var(--sydney-text-color);\">PKKR AmoFeles<br \/><\/span><span style=\"font-size: 12pt; color: var(--sydney-text-color);\">ul. Ostrowska 355<br \/><\/span><span style=\"font-size: 12pt; color: var(--sydney-text-color);\">61-312 Pozna\u0144<br \/><\/span><span style=\"color: #000000; font-family: Calibri, sans-serif;\"><i>(Wszystkie dokumenty prosimy przesy\u0142a\u0107 listem poleconym za potwierdzeniem odbioru- \u017c\u00f3\u0142ta karteczka.)<\/i><\/span><span style=\"font-size: 12pt; color: var(--sydney-text-color);\">\u00a0<\/span><\/p><p>Istnieje r\u00f3wnie\u017c mo\u017cliwo\u015b\u0107 wysy\u0142ki oraz odbioru dokument\u00f3w w paczkomatach InPost.<\/p><p><strong>Adres<\/strong> <strong>paczkomatu dla przesy\u0142anych do klubu dokument\u00f3w:<\/strong><\/p><p>TUC01N<br \/>ul.Pozna\u0144ska 10, <br \/>63-004 Tulce<\/p><p><span style=\"line-height: 107%;\"><span style=\"font-size: 12pt;\"><b>Telefon klubowy:<\/b><br \/><\/span><\/span>+48 797 830 644<br \/>(<i>pn-pt, 12:00-18:00<\/i>)<\/p><p><span style=\"line-height: 107%;\"><span style=\"font-size: 12pt;\"><b>E-mail klubowy:<\/b><br \/><\/span><\/span>info@amofeles.pl<\/p><p><span style=\"font-size: 12pt; color: var(--sydney-text-color);\"><b>Prezes Zarz\u0105du:<br \/><\/b><\/span><span style=\"font-size: 12pt; color: var(--sydney-text-color);\">Tymoteusz Smoczy\u0144ski<\/span><span style=\"font-size: 12pt; color: var(--sydney-text-color);\"><br \/><\/span><\/p><p><span style=\"font-size: 12pt; color: var(--sydney-text-color);\"><b>V-ce prezes ds. hodowlanych:<br \/><\/b>Joanna Musialska<\/span><\/p><p><i style=\"color: var(--sydney-text-color); font-size: 12pt;\"><\/i><span style=\"font-size: 12pt; color: var(--sydney-text-color);\"><b>V-ce prezes ds. finansowych:<br \/><\/b>Agnieszka Barczak<br \/><\/span><span style=\"font-size: 12pt; color: var(--sydney-text-color);\">tel.\u00a0<\/span><span style=\"color: #233452;\">+48<\/span>\u00a0<span style=\"font-size: 12pt; color: var(--sydney-text-color);\">797 695 412<\/span><span style=\"font-size: 12pt; color: var(--sydney-text-color);\"><br \/><\/span><\/p><p><span style=\"font-size: 12pt; color: var(--sydney-text-color);\">\u00a0<\/span><\/p><p><span style=\"font-size: 12pt; line-height: 107%;\"><b>NIP: <\/b>7822904547<br \/><\/span><span style=\"font-weight: bold; font-size: 12pt; color: var(--sydney-text-color);\">REGON: <\/span><span style=\"font-size: 12pt; color: var(--sydney-text-color);\">52060318000000<br \/><\/span><span style=\"font-weight: bold; font-size: 12pt; color: var(--sydney-text-color);\">Numer KRS: <\/span><span style=\"font-size: 12pt; color: var(--sydney-text-color);\">0000936581<\/span><\/p><p><b><span style=\"font-size: 12.0pt; line-height: 107%;\">Konto bankowe -PLN: <br \/><\/span><\/b><span style=\"font-size: 12.0pt; line-height: 107%;\">86 1940 1076 3229 1124 0000 0000<\/span><b><span style=\"font-size: 12.0pt; line-height: 107%;\"><br \/><\/span><span style=\"font-size: 12pt; color: var(--sydney-text-color);\">Bank account &#8211; Euro: <br \/><\/span><\/b><span style=\"font-size: 12pt; color: var(--sydney-text-color);\">PL42 1940 1076 3229 2772 0000 0000<br \/>BIC\/SWIFT: AGRIPLPR<\/span><\/p>\t\t\t\t\t\t<\/div>\n\t\t\t\t<\/div>\n\t\t\t\t\t<\/div>\n\t\t<\/div>\n\t\t\t\t\t\t\t<\/div>\n\t\t<\/section>\n\t\t\t\t\t\t<\/div>\n\t\t\t\t\t<\/div>\n\t\t","protected":false},"excerpt":{"rendered":"<p>Pozna\u0144ski Klub Kot\u00f3w Rasowych AmoFeles Adres korespondencyjny:PKKR AmoFelesul. Ostrowska 35561-312 Pozna\u0144(Wszystkie dokumenty [&hellip;]<\/p>\n","protected":false},"author":1,"featured_media":0,"parent":0,"menu_order":0,"comment_status":"closed","ping_status":"closed","template":"","meta":[],"_links":{"self":[{"href":"http:\/\/www.amofeles.pl\/index.php\/wp-json\/wp\/v2\/pages\/21"}],"collection":[{"href":"http:\/\/www.amofeles.pl\/index.php\/wp-json\/wp\/v2\/pages"}],"about":[{"href":"http:\/\/www.amofeles.pl\/index.php\/wp-json\/wp\/v2\/types\/page"}],"author":[{"embeddable":true,"href":"http:\/\/www.amofeles.pl\/index.php\/wp-json\/wp\/v2\/users\/1"}],"replies":[{"embeddable":true,"href":"http:\/\/www.amofeles.pl\/index.php\/wp-json\/wp\/v2\/comments?post=21"}],"version-history":[{"count":104,"href":"http:\/\/www.amofeles.pl\/index.php\/wp-json\/wp\/v2\/pages\/21\/revisions"}],"predecessor-version":[{"id":2191,"href":"http:\/\/www.amofeles.pl\/index.php\/wp-json\/wp\/v2\/pages\/21\/revisions\/2191"}],"wp:attachment":[{"href":"http:\/\/www.amofeles.pl\/index.php\/wp-json\/wp\/v2\/media?parent=21"}],"curies":[{"name":"wp","href":"https:\/\/api.w.org\/{rel}","templated":true}]}}