{"id":30,"date":"2021-12-01T18:58:21","date_gmt":"2021-12-01T18:58:21","guid":{"rendered":"http:\/\/home.rokcafe.pl\/amofeles.pl\/?page_id=30"},"modified":"2025-05-11T19:31:42","modified_gmt":"2025-05-11T19:31:42","slug":"klub","status":"publish","type":"page","link":"http:\/\/www.amofeles.pl\/index.php\/klub\/","title":{"rendered":"Klub"},"content":{"rendered":"\t\t<div data-elementor-type=\"wp-page\" data-elementor-id=\"30\" class=\"elementor elementor-30\" data-elementor-settings=\"[]\">\n\t\t\t\t\t\t\t<div class=\"elementor-section-wrap\">\n\t\t\t\t\t\t\t<section class=\"elementor-section elementor-top-section elementor-element elementor-element-62b1803 elementor-section-boxed elementor-section-height-default elementor-section-height-default\" data-id=\"62b1803\" data-element_type=\"section\">\n\t\t\t\t\t\t<div class=\"elementor-container elementor-column-gap-default\">\n\t\t\t\t\t<div class=\"elementor-column elementor-col-100 elementor-top-column elementor-element elementor-element-b756bdd\" data-id=\"b756bdd\" data-element_type=\"column\">\n\t\t\t<div class=\"elementor-widget-wrap elementor-element-populated\">\n\t\t\t\t\t\t\t\t<div class=\"elementor-element elementor-element-ba5c18d elementor-widget elementor-widget-text-editor\" data-id=\"ba5c18d\" data-element_type=\"widget\" data-widget_type=\"text-editor.default\">\n\t\t\t\t<div class=\"elementor-widget-container\">\n\t\t\t\t\t\t\t<p><strong>Pozna\u0144ski Klub Kot\u00f3w Rasowych AmoFeles<\/strong> powsta\u0142 w grudniu 2021 roku. Tworz\u0105 go do\u015bwiadczeni hodowcy i mi\u0142o\u015bnicy kot\u00f3w, pasjonaci wystaw, r\u00f3wnie\u017c z wieloletnim do\u015bwiadczeniem w prowadzeniu klubu felinologicznego.<\/p><p>Dzia\u0142amy pod patronatem <strong><a href=\"http:\/\/www.felispolonia.eu\/o-federacji\/\">Polskiej Federacji Felinologicznej Felis Polonia (FPL)<\/a><\/strong> zrzeszonej w mi\u0119dzynarodowej organizacji <a href=\"http:\/\/fifeweb.org\/index.php\"><strong>F\u00e9d\u00e9ration Internationale Feline(FIFE)<\/strong><\/a>, nale\u017c\u0105cej do <strong><a href=\"https:\/\/www.worldcatcongress.org\/\">World Cat Congress(WCC)<\/a><\/strong><\/p><p>Zapraszamy mi\u0142o\u015bnik\u00f3w i hodowc\u00f3w kot\u00f3w do wst\u0105pienia w nasze szeregi.\u00a0<\/p><p><span style=\"font-weight: bold; font-size: 12pt; color: var(--sydney-text-color);\">Zarz\u0105d PKKR AmoFeles<\/span><span style=\"font-size: 12pt;\"><span style=\"color: rgba(0, 0, 0, 0);\"><b>:<\/b><\/span><span style=\"color: #233452;\"><b><br \/><\/b><\/span><\/span><span style=\"line-height: 17.12px;\">E-mail:\u00a0<\/span>info@amofeles.pl<\/p><p><span style=\"font-size: 12pt; color: var(--sydney-text-color);\">Prezes Zarz\u0105du:<br \/><\/span><span style=\"font-size: 12pt; color: var(--sydney-text-color);\"><b>Tymoteusz Smoczy\u0144ski<br \/><\/b><\/span><span style=\"color: var(--sydney-text-color); font-size: 12pt;\">V-ce prezes ds. hodowlanych:<br \/><\/span><span style=\"color: var(--sydney-text-color); font-size: 12pt;\"><b>Joanna Musialska<br \/><\/b><\/span><span style=\"color: var(--sydney-text-color); font-size: 12pt;\">V-ce prezes ds. finansowych:<br \/><\/span><span style=\"color: var(--sydney-text-color); font-size: 12pt;\"><b>Agnieszka Barczak<br \/><\/b><\/span><span style=\"font-size: 12pt; color: var(--sydney-text-color);\">V-ce prezes ds. medialnych<br \/><\/span><span style=\"color: var(--sydney-text-color); font-size: 12pt;\"><b><br \/><\/b><\/span><\/p><p><b>Komisja rewizyjna:<br \/><\/b><strong><span style=\"font-weight: normal;\">E-mail: kr@amofeles.pl<br \/><\/span><\/strong>Przewodnicz\u0105ca \u2013 <b>Anna Orlikowska-Tomys<br \/><\/b>Cz\u0142onek KR \u00a0&#8211; <b>Aneta Markowska-Paterka<\/b><br \/>Cz\u0142onek KR \u2013 <b>Dominik Koz\u0142owski<\/b><\/p><p><b>S\u0105d kole\u017ce\u0144ski:<br \/><\/b><strong><span style=\"font-weight: normal;\">E-mail: sk@amofeles.pl<br \/><\/span><\/strong>Przewodnicz\u0105ca \u2013<b> Iza Pikosz<\/b><br \/>Cz\u0142onek SK \u2013 <b>Katarzyna Izydorska<br \/><\/b>Cz\u0142onek SK \u2013 <b>Anna I\u017cycka-Herman<\/b><\/p><p><b>Komisja weryfikacyjna:<br \/><\/b>E-mail: kw@amofeles.pl<\/p><div style=\"text-align: start;\"><span style=\"text-align: justify;\"><span style=\"font-weight: normal;\">Przewodnicz\u0105ca &#8211; <\/span><b>Honorata Koz\u0142owska<\/b><b><br \/><\/b><\/span><span style=\"text-align: justify;\"><span style=\"font-weight: normal;\">Cz\u0142onek KW- <\/span><b>Iza Pikosz<\/b><\/span><\/div>\t\t\t\t\t\t<\/div>\n\t\t\t\t<\/div>\n\t\t\t\t\t<\/div>\n\t\t<\/div>\n\t\t\t\t\t\t\t<\/div>\n\t\t<\/section>\n\t\t\t\t\t\t<\/div>\n\t\t\t\t\t<\/div>\n\t\t","protected":false},"excerpt":{"rendered":"<p>Pozna\u0144ski Klub Kot\u00f3w Rasowych AmoFeles powsta\u0142 w grudniu 2021 roku. Tworz\u0105 go [&hellip;]<\/p>\n","protected":false},"author":1,"featured_media":0,"parent":0,"menu_order":0,"comment_status":"closed","ping_status":"closed","template":"","meta":[],"_links":{"self":[{"href":"http:\/\/www.amofeles.pl\/index.php\/wp-json\/wp\/v2\/pages\/30"}],"collection":[{"href":"http:\/\/www.amofeles.pl\/index.php\/wp-json\/wp\/v2\/pages"}],"about":[{"href":"http:\/\/www.amofeles.pl\/index.php\/wp-json\/wp\/v2\/types\/page"}],"author":[{"embeddable":true,"href":"http:\/\/www.amofeles.pl\/index.php\/wp-json\/wp\/v2\/users\/1"}],"replies":[{"embeddable":true,"href":"http:\/\/www.amofeles.pl\/index.php\/wp-json\/wp\/v2\/comments?post=30"}],"version-history":[{"count":88,"href":"http:\/\/www.amofeles.pl\/index.php\/wp-json\/wp\/v2\/pages\/30\/revisions"}],"predecessor-version":[{"id":2188,"href":"http:\/\/www.amofeles.pl\/index.php\/wp-json\/wp\/v2\/pages\/30\/revisions\/2188"}],"wp:attachment":[{"href":"http:\/\/www.amofeles.pl\/index.php\/wp-json\/wp\/v2\/media?parent=30"}],"curies":[{"name":"wp","href":"https:\/\/api.w.org\/{rel}","templated":true}]}}