{"id":53,"date":"2021-12-01T19:22:00","date_gmt":"2021-12-01T19:22:00","guid":{"rendered":"http:\/\/home.rokcafe.pl\/amofeles.pl\/?page_id=53"},"modified":"2025-11-01T08:39:06","modified_gmt":"2025-11-01T08:39:06","slug":"dokumenty","status":"publish","type":"page","link":"http:\/\/www.amofeles.pl\/index.php\/dokumenty\/","title":{"rendered":"Dokumenty"},"content":{"rendered":"\t\t<div data-elementor-type=\"wp-page\" data-elementor-id=\"53\" class=\"elementor elementor-53\" data-elementor-settings=\"[]\">\n\t\t\t\t\t\t\t<div class=\"elementor-section-wrap\">\n\t\t\t\t\t\t\t<section class=\"elementor-section elementor-top-section elementor-element elementor-element-849e933 elementor-section-boxed elementor-section-height-default elementor-section-height-default\" data-id=\"849e933\" data-element_type=\"section\">\n\t\t\t\t\t\t<div class=\"elementor-container elementor-column-gap-default\">\n\t\t\t\t\t<div class=\"elementor-column elementor-col-100 elementor-top-column elementor-element elementor-element-f4c39ac\" data-id=\"f4c39ac\" data-element_type=\"column\">\n\t\t\t<div class=\"elementor-widget-wrap elementor-element-populated\">\n\t\t\t\t\t\t\t\t<div class=\"elementor-element elementor-element-a504fda elementor-widget elementor-widget-text-editor\" data-id=\"a504fda\" data-element_type=\"widget\" data-widget_type=\"text-editor.default\">\n\t\t\t\t<div class=\"elementor-widget-container\">\n\t\t\t\t\t\t\t<h6>PKKR<b> AmoFeles<\/b><\/h6><ul><li>Statut PKKR AmoFeles\u00a0<a href=\"http:\/\/www.amofeles.pl\/wp-content\/uploads\/2023\/05\/Statut-AmoFeles-tj-23042023-1.pdf\" target=\"_blank\" rel=\"noopener\"><b>pdf<\/b><\/a><\/li><li>Regulamin S\u0105du Kole\u017ce\u0144skiego\u00a0<a href=\"http:\/\/www.amofeles.pl\/wp-content\/uploads\/2021\/12\/regulamin-SK17814.pdf\" target=\"_blank\" rel=\"noopener\"><b>pdf<\/b><\/a><\/li><li><span style=\"color: #443f3f;\"><span style=\"background-color: #ffffff; outline-color: initial; outline-style: initial; width: 797.5px;\">Regulamin Pokaz\u00f3w<\/span><\/span>\u00a0<a href=\"http:\/\/www.amofeles.pl\/wp-content\/uploads\/2022\/02\/REGULAMIN-POKAZOW-KOTOW-2.0.pdf\"><b>pdf<\/b><\/a><\/li><li>Regulamin konkursu Super Kot AmoFeles <strong><a href=\"http:\/\/www.amofeles.pl\/wp-content\/uploads\/2025\/03\/Regulamin-SUPER-KOT-AMOFELES-2025.pdf\">pdf<\/a><\/strong><\/li><\/ul><h6><b>FPL<\/b><\/h6><ul><li>Statut FPL\u00a0<a href=\"http:\/\/home.rokcafe.pl\/amofeles.pl\/wp-content\/uploads\/2021\/12\/Statut-Felis-Polonia-1.pdf\" target=\"_blank\" rel=\"noopener\"><b>pdf<\/b><\/a><\/li><li>Regulamin Hodowlany\u00a0<a href=\"http:\/\/www.felispolonia.eu\/public\/Reg_hodowlany_FIFe-2023.pdf?fbclid=IwAR0mKAiLFxB09rgjZptZf9hqOySPMR5D2lTT-5R05Ya2LBjphrUhEqjhts4\"><b>pdf<\/b><\/a><\/li><li>Regulamin Wystawowy\u00a0<a href=\"https:\/\/www.felispolonia.eu\/public\/Reg_wystawowy_2025-1.pdf\"><b>pdf<\/b><\/a><\/li><li>Regulamin Biura Rodowodowego\u00a0<a href=\"http:\/\/www.felispolonia.eu\/public\/Regulamin-BR-032022.pdf?fbclid=IwAR3JljNnW9MVRQB4y5M66ozPF2gZWFZy3dwLwhs0uVAYsjAQ_P_K9jSFYGw\"><b>pdf<\/b><\/a><\/li><li>Regulamin National Winner\u00a0<a href=\"http:\/\/home.rokcafe.pl\/amofeles.pl\/wp-content\/uploads\/2021\/12\/NW2020_2021.pdf\" target=\"_blank\" rel=\"noopener\"><b>pdf<\/b><\/a><\/li><\/ul><h6><b>Dokumenty<\/b><\/h6><ul><li>Deklaracja Cz\u0142onkowska\u00a0<b><a href=\"http:\/\/www.amofeles.pl\/wp-content\/uploads\/2021\/12\/Deklaracja-AmoFeles.pdf\">pdf<\/a><\/b><\/li><li>Zg\u0142oszenie danych osdobowych do FPL\u00a0<b><a href=\"http:\/\/home.rokcafe.pl\/amofeles.pl\/wp-content\/uploads\/2021\/12\/dane-osobowe-rodo.pdf\" target=\"_blank\" rel=\"noopener\">pdf<\/a>\u00a0<\/b><\/li><li>Wniosek o przydomek\u00a0<a href=\"http:\/\/www.amofeles.pl\/wp-content\/uploads\/2021\/12\/przydomek_fpl.pdf\" target=\"_blank\" rel=\"noopener\"><b>pdf<\/b><\/a>\u00a0\/\u00a0<a href=\"http:\/\/www.amofeles.pl\/wp-content\/uploads\/2021\/12\/przydomek_fpl.doc\" target=\"_blank\" rel=\"noopener\"><b>doc<\/b><\/a><\/li><li>Dokumenty miotu\u00a0<a href=\"http:\/\/home.rokcafe.pl\/amofeles.pl\/wp-content\/uploads\/2021\/12\/Dokument-miotu.doc\" target=\"_blank\" rel=\"noopener\"><b>doc<\/b><\/a><\/li><li>Zatwierdzenie tytu\u0142u\u00a0<a href=\"http:\/\/home.rokcafe.pl\/amofeles.pl\/wp-content\/uploads\/2021\/12\/zatwierdzenie-tytulu.pdf\" target=\"_blank\" rel=\"noopener\"><b>pdf<\/b><\/a>\u00a0\/\u00a0<a href=\"http:\/\/home.rokcafe.pl\/amofeles.pl\/wp-content\/uploads\/2021\/12\/zatwierdzenie-tytulu.doc\" target=\"_blank\" rel=\"noopener\"><b>doc<\/b><\/a><\/li><li>Wniosek o transfer\u00a0<a href=\"http:\/\/home.rokcafe.pl\/amofeles.pl\/wp-content\/uploads\/2021\/12\/Wniosek-o-transfer.pdf\" target=\"_blank\" rel=\"noopener\"><b>pdf<\/b><\/a>\u00a0\/\u00a0<a href=\"http:\/\/home.rokcafe.pl\/amofeles.pl\/wp-content\/uploads\/2021\/12\/Wniosek-o-transfer.doc\" target=\"_blank\" rel=\"noopener\"><b>doc<\/b><\/a><\/li><li>Wniosek o nostryfikacj\u0119\u00a0<a href=\"http:\/\/www.amofeles.pl\/wp-content\/uploads\/2021\/12\/wniosek_nostryfikacja.pdf\" target=\"_blank\" rel=\"noopener\"><b>pdf<\/b><\/a>\u00a0\/\u00a0<a href=\"http:\/\/www.amofeles.pl\/wp-content\/uploads\/2021\/12\/wniosek_nostryfikacja.doc\" target=\"_blank\" rel=\"noopener\"><b>doc<\/b><\/a><\/li><li>Korekta danych kota <a href=\"http:\/\/home.rokcafe.pl\/amofeles.pl\/wp-content\/uploads\/2021\/12\/korektadanychkota.pdf\" target=\"_blank\" rel=\"noopener\"><b>pdf<\/b><\/a>\u00a0\/\u00a0<a href=\"http:\/\/home.rokcafe.pl\/amofeles.pl\/wp-content\/uploads\/2021\/12\/korektadanychkota.doc\" target=\"_blank\" rel=\"noopener\"><b>doc<\/b><\/a><\/li><li>Podanie o zmian\u0119 klubu\u00a0<a href=\"http:\/\/home.rokcafe.pl\/amofeles.pl\/wp-content\/uploads\/2021\/12\/zmiana-klubu.pdf\" target=\"_blank\" rel=\"noopener\"><b>pdf<\/b><\/a>\u00a0\/\u00a0<a href=\"http:\/\/home.rokcafe.pl\/amofeles.pl\/wp-content\/uploads\/2021\/12\/zmiana-klubu.doc\" target=\"_blank\" rel=\"noopener\"><b>doc<\/b><\/a><\/li><li>Zg\u0142oszenie Super Kot\u00a0<a href=\"http:\/\/home.rokcafe.pl\/amofeles.pl\/wp-content\/uploads\/2021\/12\/superkot.doc\" target=\"_blank\" rel=\"noopener\"><b>doc<\/b><\/a><\/li><li>Wniosek Super Kot AmoFeles <strong><a href=\"http:\/\/www.amofeles.pl\/wp-content\/uploads\/2025\/02\/Wniosek-SK.doc\">doc<\/a><\/strong><\/li><\/ul>\t\t\t\t\t\t<\/div>\n\t\t\t\t<\/div>\n\t\t\t\t\t<\/div>\n\t\t<\/div>\n\t\t\t\t\t\t\t<\/div>\n\t\t<\/section>\n\t\t\t\t<section class=\"elementor-section elementor-top-section elementor-element elementor-element-f2e38ae elementor-section-boxed elementor-section-height-default elementor-section-height-default\" data-id=\"f2e38ae\" data-element_type=\"section\">\n\t\t\t\t\t\t<div class=\"elementor-container elementor-column-gap-default\">\n\t\t\t\t\t<div class=\"elementor-column elementor-col-100 elementor-top-column elementor-element elementor-element-b441130\" data-id=\"b441130\" data-element_type=\"column\">\n\t\t\t<div class=\"elementor-widget-wrap elementor-element-populated\">\n\t\t\t\t\t\t\t\t<div class=\"elementor-element elementor-element-32db263 elementor-widget elementor-widget-text-editor\" data-id=\"32db263\" data-element_type=\"widget\" data-widget_type=\"text-editor.default\">\n\t\t\t\t<div class=\"elementor-widget-container\">\n\t\t\t\t\t\t\t<h6><a href=\"http:\/\/fifeweb.org\/wp\/catnames\/cattery.asp\">Baza przydomk\u00f3w FIFe<\/a><\/h6>\t\t\t\t\t\t<\/div>\n\t\t\t\t<\/div>\n\t\t\t\t\t<\/div>\n\t\t<\/div>\n\t\t\t\t\t\t\t<\/div>\n\t\t<\/section>\n\t\t\t\t\t\t<\/div>\n\t\t\t\t\t<\/div>\n\t\t","protected":false},"excerpt":{"rendered":"<p>PKKR AmoFeles Statut PKKR AmoFeles\u00a0pdf Regulamin S\u0105du Kole\u017ce\u0144skiego\u00a0pdf Regulamin Pokaz\u00f3w\u00a0pdf Regulamin konkursu [&hellip;]<\/p>\n","protected":false},"author":1,"featured_media":0,"parent":0,"menu_order":0,"comment_status":"closed","ping_status":"closed","template":"","meta":[],"_links":{"self":[{"href":"http:\/\/www.amofeles.pl\/index.php\/wp-json\/wp\/v2\/pages\/53"}],"collection":[{"href":"http:\/\/www.amofeles.pl\/index.php\/wp-json\/wp\/v2\/pages"}],"about":[{"href":"http:\/\/www.amofeles.pl\/index.php\/wp-json\/wp\/v2\/types\/page"}],"author":[{"embeddable":true,"href":"http:\/\/www.amofeles.pl\/index.php\/wp-json\/wp\/v2\/users\/1"}],"replies":[{"embeddable":true,"href":"http:\/\/www.amofeles.pl\/index.php\/wp-json\/wp\/v2\/comments?post=53"}],"version-history":[{"count":136,"href":"http:\/\/www.amofeles.pl\/index.php\/wp-json\/wp\/v2\/pages\/53\/revisions"}],"predecessor-version":[{"id":2236,"href":"http:\/\/www.amofeles.pl\/index.php\/wp-json\/wp\/v2\/pages\/53\/revisions\/2236"}],"wp:attachment":[{"href":"http:\/\/www.amofeles.pl\/index.php\/wp-json\/wp\/v2\/media?parent=53"}],"curies":[{"name":"wp","href":"https:\/\/api.w.org\/{rel}","templated":true}]}}